{"id":4728,"date":"2023-10-19T13:41:40","date_gmt":"2023-10-19T12:41:40","guid":{"rendered":"https:\/\/stage.staysafe.aero\/?page_id=4728"},"modified":"2023-11-09T17:01:48","modified_gmt":"2023-11-09T16:01:48","slug":"ueber-uns","status":"publish","type":"page","link":"https:\/\/stage.staysafe.aero\/it\/ueber-uns\/","title":{"rendered":"Informazioni su di noi"},"content":{"rendered":"<p>&#8221;Stay Safe&#8221; \u00e8 la piattaforma di promozione della sicurezza dell&#8217;Ufficio federale dell&#8217;aviazione civile in lingua tedesca, francese e italiana. Come piattaforma di informazione e scambio, si rivolge a tutti coloro che sono coinvolti nell&#8217;aviazione generale, in particolare ai piloti dei settori del volo a motore e in aliante, degli elicotteri, delle mongolfiere e dei droni. Nell&#8217;aviazione ci si d\u00e0 del tu e questo \u00e8 anche il caso di Stay Safe. L&#8217;obiettivo di Stay Safe \u00e8 quello di sensibilizzarvi ai vari temi della sicurezza e di promuovere lo scambio nella comunit\u00e0 senza avere un carattere didattico. A tal fine, il nostro piccolo team editoriale, composto da piloti, esperti di aviazione, ispettori e fotografi, si impegna a trasformare i risultati importanti di incidenti e inconvenienti e le attivit\u00e0 di vigilanza dell&#8217;UFAC in articoli interessanti, storie appassionanti e video.<\/p>\n<p>Dai piloti &#8211; per la comunit\u00e0<\/p>\n<p>I piloti non hanno solo la passione per il volo, ma anche per la condivisione delle loro esperienze con persone che la pensano allo stesso modo. Soprattutto nel campo della sicurezza, la condivisione di esperienze e conoscenze \u00e8 un fattore importante. Vi siete mai trovati in una situazione difficile? O avete avuto un&#8217;esperienza istruttiva? Se s\u00ec, condividete la vostra storia personale con la comunit\u00e0 Stay Safe: tutti noi potremmo imparare da essa! Indipendentemente dal vostro background nell&#8217;aviazione generale, inviateci la vostra esperienza, la vostra storia, le vostre esperienze a staysafe@bazl.admin.<\/p>","protected":false},"excerpt":{"rendered":"<p>&#8221;Stay Safe&#8221; \u00e8 la piattaforma di promozione della sicurezza dell&#8217;Ufficio federale dell&#8217;aviazione civile in lingua tedesca, francese e italiana. Come [&hellip;]<\/p>\n","protected":false},"author":14,"featured_media":0,"parent":0,"menu_order":0,"comment_status":"closed","ping_status":"closed","template":"site-page.php","meta":{"_exactmetrics_skip_tracking":false,"_exactmetrics_sitenote_active":false,"_exactmetrics_sitenote_note":"","_exactmetrics_sitenote_category":0,"footnotes":""},"class_list":["post-4728","page","type-page","status-publish","hentry"],"_links":{"self":[{"href":"https:\/\/stage.staysafe.aero\/it\/wp-json\/wp\/v2\/pages\/4728"}],"collection":[{"href":"https:\/\/stage.staysafe.aero\/it\/wp-json\/wp\/v2\/pages"}],"about":[{"href":"https:\/\/stage.staysafe.aero\/it\/wp-json\/wp\/v2\/types\/page"}],"author":[{"embeddable":true,"href":"https:\/\/stage.staysafe.aero\/it\/wp-json\/wp\/v2\/users\/14"}],"replies":[{"embeddable":true,"href":"https:\/\/stage.staysafe.aero\/it\/wp-json\/wp\/v2\/comments?post=4728"}],"version-history":[{"count":5,"href":"https:\/\/stage.staysafe.aero\/it\/wp-json\/wp\/v2\/pages\/4728\/revisions"}],"predecessor-version":[{"id":4756,"href":"https:\/\/stage.staysafe.aero\/it\/wp-json\/wp\/v2\/pages\/4728\/revisions\/4756"}],"wp:attachment":[{"href":"https:\/\/stage.staysafe.aero\/it\/wp-json\/wp\/v2\/media?parent=4728"}],"curies":[{"name":"wp","href":"https:\/\/api.w.org\/{rel}","templated":true}]}}